{"id":74265,"date":"2025-03-11T14:10:06","date_gmt":"2025-03-11T13:10:06","guid":{"rendered":"http:\/\/wp2025.mo-vendi.de\/news\/"},"modified":"2025-07-30T14:19:48","modified_gmt":"2025-07-30T12:19:48","slug":"news","status":"publish","type":"page","link":"https:\/\/mo-vendi.de\/en\/news\/","title":{"rendered":"News"},"content":{"rendered":"<p>[et_pb_section fb_built=&#8221;1&#8243; _builder_version=&#8221;4.16&#8243; da_disable_devices=&#8221;off|off|off&#8221; global_colors_info=&#8221;{}&#8221; da_is_popup=&#8221;off&#8221; da_exit_intent=&#8221;off&#8221; da_has_close=&#8221;on&#8221; da_alt_close=&#8221;off&#8221; da_dark_close=&#8221;off&#8221; da_not_modal=&#8221;on&#8221; da_is_singular=&#8221;off&#8221; da_with_loader=&#8221;off&#8221; da_has_shadow=&#8221;on&#8221;][et_pb_row _builder_version=&#8221;4.16&#8243; background_size=&#8221;initial&#8221; background_position=&#8221;top_left&#8221; background_repeat=&#8221;repeat&#8221; global_colors_info=&#8221;{}&#8221;][et_pb_column type=&#8221;4_4&#8243; _builder_version=&#8221;4.16&#8243; custom_padding=&#8221;|||&#8221; global_colors_info=&#8221;{}&#8221; custom_padding__hover=&#8221;|||&#8221;][et_pb_de_mach_archive_loop post_type_choose=&#8221;post&#8221; loop_layout=&#8221;71454&#8243; posts_number=&#8221;999&#8243; columns=&#8221;3&#8243; _builder_version=&#8221;4.27.4&#8243; _module_preset=&#8221;default&#8221; hover_enabled=&#8221;0&#8243; global_colors_info=&#8221;{}&#8221; order_asc_desc=&#8221;DESC&#8221; sticky_enabled=&#8221;0&#8243;][\/et_pb_de_mach_archive_loop][\/et_pb_column][\/et_pb_row][\/et_pb_section]<\/p>\n","protected":false},"excerpt":{"rendered":"","protected":false},"author":4,"featured_media":0,"parent":0,"menu_order":0,"comment_status":"closed","ping_status":"closed","template":"","meta":{"_acf_changed":false,"_et_pb_use_builder":"on","_et_pb_old_content":"<!-- wp:paragraph -->\n<p>Movendi bei den Classic Days<\/p>\n<!-- \/wp:paragraph -->\n\n<!-- wp:paragraph -->\n<p><strong>Einladung zu den Classic Day 2025:<\/strong><strong><br>Classic Days Grand Meeting 2025<br>1.\u20133. <\/strong><strong>August | Rittergut Birkhof<\/strong><\/p>\n<!-- \/wp:paragraph -->\n\n<!-- wp:paragraph -->\n<p>es ist endlich wieder so weit \u2013 das legend\u00e4re Oldtimer-Festival <strong>Classic Days<\/strong> kehrt zur\u00fcck! Nach dem Ausfall im vergangenen Jahr freuen wir uns sehr, Ihnen mitteilen zu k\u00f6nnen:<br><strong>Die Classic Days haben ein neues Zuhause gefunden \u2013 das stilvolle und atmosph\u00e4rische Rittergut Birkhof vor den Toren D\u00fcsseldorfs.<\/strong><\/p>\n<!-- \/wp:paragraph -->\n\n<!-- wp:paragraph -->\n<p>Unter dem Motto <strong>\u201eClassic Days Grand Meeting\u201c<\/strong> erwartet Sie vom <strong>1. bis 3. August 2025<\/strong> ein hochkar\u00e4tiges Wochenende voller Automobilgeschichte, stilvoller Lebensart und faszinierender Atmosph\u00e4re.<\/p>\n<!-- \/wp:paragraph -->\n\n<!-- wp:paragraph -->\n<p><strong>Movendi<\/strong> ist stolz, mit einer exklusiven Auswahl au\u00dfergew\u00f6hnlicher Oldtimer vertreten zu sein \u2013 und noch mehr freuen wir uns, <strong>Sie als unsere G\u00e4ste<\/strong> bei diesem besonderen Ereignis begr\u00fc\u00dfen zu d\u00fcrfen.<\/p>\n<!-- \/wp:paragraph -->\n\n<!-- wp:paragraph -->\n<p>Wir haben mit dem Arnold Bristol schon mal eine Runde f\u00fcr Sie gedreht. <\/p>\n<!-- \/wp:paragraph -->\n\n<!-- wp:video {\"id\":82704} -->\n<figure class=\"wp-block-video\"><video controls src=\"https:\/\/mo-vendi.de\/wp-content\/uploads\/IMG_0143.mov\"><\/video><\/figure>\n<!-- \/wp:video -->","_et_gb_content_width":"","footnotes":""},"class_list":["post-74265","page","type-page","status-publish","hentry"],"acf":[],"yoast_head":"<!-- This site is optimized with the Yoast SEO plugin v25.5 - https:\/\/yoast.com\/wordpress\/plugins\/seo\/ -->\n<title>News - Movendi<\/title>\n<meta name=\"robots\" content=\"index, follow, max-snippet:-1, max-image-preview:large, max-video-preview:-1\" \/>\n<link rel=\"canonical\" href=\"https:\/\/mo-vendi.de\/en\/news\/\" \/>\n<meta property=\"og:locale\" content=\"en_US\" \/>\n<meta property=\"og:type\" content=\"article\" \/>\n<meta property=\"og:title\" content=\"News - Movendi\" \/>\n<meta property=\"og:site_name\" content=\"Movendi\" \/>\n<meta property=\"article:publisher\" content=\"https:\/\/www.facebook.com\/profile.php?id=100057383173038\" \/>\n<meta property=\"article:modified_time\" content=\"2025-07-30T12:19:48+00:00\" \/>\n<meta name=\"twitter:card\" content=\"summary_large_image\" \/>\n<meta name=\"twitter:label1\" content=\"Est. reading time\" \/>\n\t<meta name=\"twitter:data1\" content=\"1 minute\" \/>\n<script type=\"application\/ld+json\" class=\"yoast-schema-graph\">{\"@context\":\"https:\/\/schema.org\",\"@graph\":[{\"@type\":\"WebPage\",\"@id\":\"https:\/\/mo-vendi.de\/en\/news\/\",\"url\":\"https:\/\/mo-vendi.de\/en\/news\/\",\"name\":\"News - Movendi\",\"isPartOf\":{\"@id\":\"https:\/\/mo-vendi.de\/en\/#website\"},\"datePublished\":\"2025-03-11T13:10:06+00:00\",\"dateModified\":\"2025-07-30T12:19:48+00:00\",\"breadcrumb\":{\"@id\":\"https:\/\/mo-vendi.de\/en\/news\/#breadcrumb\"},\"inLanguage\":\"en-US\",\"potentialAction\":[{\"@type\":\"ReadAction\",\"target\":[\"https:\/\/mo-vendi.de\/en\/news\/\"]}]},{\"@type\":\"BreadcrumbList\",\"@id\":\"https:\/\/mo-vendi.de\/en\/news\/#breadcrumb\",\"itemListElement\":[{\"@type\":\"ListItem\",\"position\":1,\"name\":\"Startseite\",\"item\":\"https:\/\/mo-vendi.de\/en\/\"},{\"@type\":\"ListItem\",\"position\":2,\"name\":\"News\"}]},{\"@type\":\"WebSite\",\"@id\":\"https:\/\/mo-vendi.de\/en\/#website\",\"url\":\"https:\/\/mo-vendi.de\/en\/\",\"name\":\"Movendi\",\"description\":\"The spirit of classic cars\",\"publisher\":{\"@id\":\"https:\/\/mo-vendi.de\/en\/#organization\"},\"potentialAction\":[{\"@type\":\"SearchAction\",\"target\":{\"@type\":\"EntryPoint\",\"urlTemplate\":\"https:\/\/mo-vendi.de\/en\/?s={search_term_string}\"},\"query-input\":{\"@type\":\"PropertyValueSpecification\",\"valueRequired\":true,\"valueName\":\"search_term_string\"}}],\"inLanguage\":\"en-US\"},{\"@type\":\"Organization\",\"@id\":\"https:\/\/mo-vendi.de\/en\/#organization\",\"name\":\"Movendi\",\"url\":\"https:\/\/mo-vendi.de\/en\/\",\"logo\":{\"@type\":\"ImageObject\",\"inLanguage\":\"en-US\",\"@id\":\"https:\/\/mo-vendi.de\/en\/#\/schema\/logo\/image\/\",\"url\":\"https:\/\/mo-vendi.de\/wp-content\/uploads\/Logo-Movendi.svg\",\"contentUrl\":\"https:\/\/mo-vendi.de\/wp-content\/uploads\/Logo-Movendi.svg\",\"width\":1,\"height\":1,\"caption\":\"Movendi\"},\"image\":{\"@id\":\"https:\/\/mo-vendi.de\/en\/#\/schema\/logo\/image\/\"},\"sameAs\":[\"https:\/\/www.facebook.com\/profile.php?id=100057383173038\"]}]}<\/script>\n<!-- \/ Yoast SEO plugin. -->","yoast_head_json":{"title":"News - Movendi","robots":{"index":"index","follow":"follow","max-snippet":"max-snippet:-1","max-image-preview":"max-image-preview:large","max-video-preview":"max-video-preview:-1"},"canonical":"https:\/\/mo-vendi.de\/en\/news\/","og_locale":"en_US","og_type":"article","og_title":"News - Movendi","og_site_name":"Movendi","article_publisher":"https:\/\/www.facebook.com\/profile.php?id=100057383173038","article_modified_time":"2025-07-30T12:19:48+00:00","twitter_card":"summary_large_image","twitter_misc":{"Est. reading time":"1 minute"},"schema":{"@context":"https:\/\/schema.org","@graph":[{"@type":"WebPage","@id":"https:\/\/mo-vendi.de\/en\/news\/","url":"https:\/\/mo-vendi.de\/en\/news\/","name":"News - Movendi","isPartOf":{"@id":"https:\/\/mo-vendi.de\/en\/#website"},"datePublished":"2025-03-11T13:10:06+00:00","dateModified":"2025-07-30T12:19:48+00:00","breadcrumb":{"@id":"https:\/\/mo-vendi.de\/en\/news\/#breadcrumb"},"inLanguage":"en-US","potentialAction":[{"@type":"ReadAction","target":["https:\/\/mo-vendi.de\/en\/news\/"]}]},{"@type":"BreadcrumbList","@id":"https:\/\/mo-vendi.de\/en\/news\/#breadcrumb","itemListElement":[{"@type":"ListItem","position":1,"name":"Startseite","item":"https:\/\/mo-vendi.de\/en\/"},{"@type":"ListItem","position":2,"name":"News"}]},{"@type":"WebSite","@id":"https:\/\/mo-vendi.de\/en\/#website","url":"https:\/\/mo-vendi.de\/en\/","name":"Movendi","description":"The spirit of classic cars","publisher":{"@id":"https:\/\/mo-vendi.de\/en\/#organization"},"potentialAction":[{"@type":"SearchAction","target":{"@type":"EntryPoint","urlTemplate":"https:\/\/mo-vendi.de\/en\/?s={search_term_string}"},"query-input":{"@type":"PropertyValueSpecification","valueRequired":true,"valueName":"search_term_string"}}],"inLanguage":"en-US"},{"@type":"Organization","@id":"https:\/\/mo-vendi.de\/en\/#organization","name":"Movendi","url":"https:\/\/mo-vendi.de\/en\/","logo":{"@type":"ImageObject","inLanguage":"en-US","@id":"https:\/\/mo-vendi.de\/en\/#\/schema\/logo\/image\/","url":"https:\/\/mo-vendi.de\/wp-content\/uploads\/Logo-Movendi.svg","contentUrl":"https:\/\/mo-vendi.de\/wp-content\/uploads\/Logo-Movendi.svg","width":1,"height":1,"caption":"Movendi"},"image":{"@id":"https:\/\/mo-vendi.de\/en\/#\/schema\/logo\/image\/"},"sameAs":["https:\/\/www.facebook.com\/profile.php?id=100057383173038"]}]}},"_links":{"self":[{"href":"https:\/\/mo-vendi.de\/en\/wp-json\/wp\/v2\/pages\/74265","targetHints":{"allow":["GET"]}}],"collection":[{"href":"https:\/\/mo-vendi.de\/en\/wp-json\/wp\/v2\/pages"}],"about":[{"href":"https:\/\/mo-vendi.de\/en\/wp-json\/wp\/v2\/types\/page"}],"author":[{"embeddable":true,"href":"https:\/\/mo-vendi.de\/en\/wp-json\/wp\/v2\/users\/4"}],"replies":[{"embeddable":true,"href":"https:\/\/mo-vendi.de\/en\/wp-json\/wp\/v2\/comments?post=74265"}],"version-history":[{"count":6,"href":"https:\/\/mo-vendi.de\/en\/wp-json\/wp\/v2\/pages\/74265\/revisions"}],"predecessor-version":[{"id":82766,"href":"https:\/\/mo-vendi.de\/en\/wp-json\/wp\/v2\/pages\/74265\/revisions\/82766"}],"wp:attachment":[{"href":"https:\/\/mo-vendi.de\/en\/wp-json\/wp\/v2\/media?parent=74265"}],"curies":[{"name":"wp","href":"https:\/\/api.w.org\/{rel}","templated":true}]}}